{"id":51,"date":"2014-11-01T12:06:49","date_gmt":"2014-11-01T11:06:49","guid":{"rendered":"http:\/\/swiece.malopolska.pl\/?page_id=51"},"modified":"2016-04-11T07:29:40","modified_gmt":"2016-04-11T05:29:40","slug":"wspolpraca","status":"publish","type":"page","link":"https:\/\/swiece.malopolska.pl\/?page_id=51","title":{"rendered":"Wsp\u00f3\u0142praca"},"content":{"rendered":"<div class=\"art-content-layout-wrapper layout-item-0\">\n<div class=\"art-content-layout\">\n<div class=\"art-content-layout-row\">\n<div class=\"art-layout-cell\" style=\"width: 100%\" >\n<p><span style=\"color: rgb(255, 255, 255); font-style: italic;\"><br \/><\/span><\/p>\n<p><span style=\"color: rgb(255, 255, 255); font-style: italic;\">Szanowni Klienci,<\/span><\/p>\n<p><span style=\"color: rgb(255, 255, 255); font-style: italic;\">Ch\u0119tnie nawi\u0105\u017cemy wsp\u00f3\u0142prac\u0119 z odbiorcami krajowymi i zagranicznymi, w ramach kt\u00f3rej nasze produkty b\u0119d\u0105 mog\u0142y uzupe\u0142ni\u0107 Pa\u0144stwa ofert\u0119. Zapewniamy nie tylko pi\u0119kne, r\u0119czne zdobnictwo, najwy\u017cszej jako\u015bci komponenty, ale r\u00f3wnie\u017c dostosowanie gamy naszych \u015bwiec do Pa\u0144stwa indywidualnych potrzeb. Mamy propozycj\u0119 dla firm &#8211; z logo danej firmy, kt\u00f3re b\u0119d\u0105 form\u0105 reklamy. W razie pyta\u0144 prosimy o kontakt z nami poprzez poczt\u0119 e-mail lub telefonicznie.<\/span><\/p>\n<p><span style=\"color: rgb(255, 255, 255); font-style: italic;\"><br \/><\/span><\/p>\n<p style=\"text-align: right;\"><span style=\"color: rgb(255, 255, 255); font-style: italic;\">Zach\u0119camy do wsp\u00f3\u0142pracy.<\/span><\/p>\n<\/p><\/div>\n<\/p><\/div>\n<\/div>\n<\/div>\n","protected":false},"excerpt":{"rendered":"<p>Szanowni Klienci, Ch\u0119tnie nawi\u0105\u017cemy wsp\u00f3\u0142prac\u0119 z odbiorcami krajowymi i zagranicznymi, w ramach kt\u00f3rej nasze produkty b\u0119d\u0105 mog\u0142y uzupe\u0142ni\u0107 Pa\u0144stwa ofert\u0119. Zapewniamy nie tylko pi\u0119kne, r\u0119czne zdobnictwo, najwy\u017cszej jako\u015bci komponenty, ale r\u00f3wnie\u017c dostosowanie gamy naszych \u015bwiec do Pa\u0144stwa indywidualnych potrzeb. Mamy propozycj\u0119 dla firm &#8211; z logo danej firmy, kt\u00f3re b\u0119d\u0105 form\u0105 reklamy. W razie pyta\u0144 [&hellip;]<\/p>\n","protected":false},"author":1,"featured_media":0,"parent":0,"menu_order":4,"comment_status":"closed","ping_status":"open","template":"","meta":[],"_links":{"self":[{"href":"https:\/\/swiece.malopolska.pl\/index.php?rest_route=\/wp\/v2\/pages\/51"}],"collection":[{"href":"https:\/\/swiece.malopolska.pl\/index.php?rest_route=\/wp\/v2\/pages"}],"about":[{"href":"https:\/\/swiece.malopolska.pl\/index.php?rest_route=\/wp\/v2\/types\/page"}],"author":[{"embeddable":true,"href":"https:\/\/swiece.malopolska.pl\/index.php?rest_route=\/wp\/v2\/users\/1"}],"replies":[{"embeddable":true,"href":"https:\/\/swiece.malopolska.pl\/index.php?rest_route=%2Fwp%2Fv2%2Fcomments&post=51"}],"version-history":[{"count":2,"href":"https:\/\/swiece.malopolska.pl\/index.php?rest_route=\/wp\/v2\/pages\/51\/revisions"}],"predecessor-version":[{"id":306,"href":"https:\/\/swiece.malopolska.pl\/index.php?rest_route=\/wp\/v2\/pages\/51\/revisions\/306"}],"wp:attachment":[{"href":"https:\/\/swiece.malopolska.pl\/index.php?rest_route=%2Fwp%2Fv2%2Fmedia&parent=51"}],"curies":[{"name":"wp","href":"https:\/\/api.w.org\/{rel}","templated":true}]}}